{"id":993,"date":"2024-02-16T12:32:42","date_gmt":"2024-02-16T12:32:42","guid":{"rendered":"https:\/\/ruralketing.com\/?page_id=993"},"modified":"2024-09-09T12:42:50","modified_gmt":"2024-09-09T12:42:50","slug":"aviso-legal","status":"publish","type":"page","link":"https:\/\/ruralketing.com\/val\/aviso-legal\/","title":{"rendered":"Av\u00eds legal"},"content":{"rendered":"<div data-elementor-type=\"wp-page\" data-elementor-id=\"993\" class=\"elementor elementor-993\" data-elementor-settings=\"{&quot;ha_cmc_init_switcher&quot;:&quot;no&quot;}\" data-elementor-post-type=\"page\">\n\t\t\t\t<div class=\"elementor-element elementor-element-0109738 e-flex e-con-boxed e-con e-parent\" data-id=\"0109738\" data-element_type=\"container\" data-e-type=\"container\" data-settings=\"{&quot;_ha_eqh_enable&quot;:false}\">\n\t\t\t\t\t<div class=\"e-con-inner\">\n\t\t\t\t<div class=\"elementor-element elementor-element-9405940 elementor-widget elementor-widget-text-editor\" data-id=\"9405940\" data-element_type=\"widget\" data-e-type=\"widget\" data-widget_type=\"text-editor.default\">\n\t\t\t\t<div class=\"elementor-widget-container\">\n\t\t\t\t\t\t\t\t\t<p><strong>Dades de l'entitat<\/strong><br \/>En compliment de l'article 10 de la Llei 34\/2002, d'11 de juliol, de Serveis de la Societat de la Informaci\u00f3 i Comer\u00e7 Electr\u00f2nic, DAVID SEGURA ESCUDERO l'informa que les seues dades identificatives s\u00f3n els seg\u00fcents:<\/p><p>Denominaci\u00f3 social: DAVID SEGURA ESCUDERO<br \/>C.I.F.: 53221895X<br \/>Domicili social: c\/ ALACANT 2 3D 12190 \u2013 BORRIOL (CASTELL\u00d3N)<br \/>Tel\u00e8fon: 640102897<br \/>Correu electr\u00f2nic a l'efecte de comunicaci\u00f3: mejora@agentedavidsegura.com<br \/>Domini WEB: www.ruralketing.com<br \/>Totes les notificacions i comunicacions entre els usuaris i DAVID SEGURA ESCUDERO es consideraran efica\u00e7os, amb car\u00e0cter general, quan es realitzen a trav\u00e9s de correu postal o qualsevol altre mitj\u00e0 dels detallats anteriorment.<\/p><p>DAVID SEGURA ESCUDERO compta amb l'autoritzaci\u00f3 administrativa __________________ necess\u00e0ria per a desenvolupar les activitats exercides per aquest. L'\u00f2rgan competent encarregat de la seua supervisi\u00f3 \u00e9s_________________________________(en el cas que fora necess\u00e0ria aquesta autoritzaci\u00f3 per a l'exercici de l'activitat).<\/p><p><strong>Condicions d'acc\u00e9s i utilitzaci\u00f3<\/strong><br \/>El present av\u00eds legal regula l'\u00fas del lloc web www.ruralketing.com (d'ara en avant, LA WEB), del qual \u00e9s titular DAVID SEGURA ESCUDERO.<\/p><p>La navegaci\u00f3 per la web de DAVID SEGURA ESCUDERO atribueix la condici\u00f3 d'usuari del mateix i implica l'acceptaci\u00f3 plena i sense reserves de totes i cadascuna de les disposicions incloses en aquest Av\u00eds Legal, que poden patir modificacions.<\/p><p>El lloc web i els seus serveis s\u00f3n d'acc\u00e9s lliure i gratu\u00eft, no obstant aix\u00f2, DAVID SEGURA ESCUDERO condiciona la utilitzaci\u00f3 d'alguns dels serveis oferits en el seu web al previ emplenament del corresponent formulari.<\/p><p>Tots els continguts del lloc web, com a textos, fotografies, gr\u00e0fics, imatges, icones, tecnologia, programari, aix\u00ed com el seu disseny i codis font, constitueixen una obra la propietat de la qual pertany a DAVID SEGURA ESCUDERO, sense que puguen entendre's cedits a l'usuari cap dels drets d'explotaci\u00f3 sobre els mateixos m\u00e9s enll\u00e0 de l'estrictament necessari per al correcte \u00fas de la web.<\/p><p>L'usuari garanteix l'autenticitat i actualitat de totes aquelles dades que comunique a DAVID SEGURA ESCUDERO i ser\u00e0 l'\u00fanic responsable de les manifestacions falses o inexactes que realitze.<\/p><p>L'usuari s'obliga a fer un \u00fas correcte del lloc web de conformitat amb les lleis, la bona fe, l'ordre p\u00fablic, els usos del tr\u00e0nsit i el present Av\u00eds Legal. L'usuari respondr\u00e0 enfront de DAVID SEGURA ESCUDERO o enfront de tercers, de qualssevol danys i perjudicis que pogueren causar-se a conseq\u00fc\u00e8ncia de l'incompliment d'aquesta obligaci\u00f3.<\/p><p><strong>Pol\u00edtica d'enlla\u00e7os i exempcions de responsabilitats<\/strong><br \/>DAVID SEGURA ESCUDERO no es fa responsable del contingut de les p\u00e0gines web a les quals l'usuari puga accedir a trav\u00e9s dels enlla\u00e7os establits en LA WEB i declara que en cap cas procedir\u00e0 a examinar o exercitar cap mena de control sobre el contingut d'altres p\u00e0gines de la xarxa. Aix\u00ed mateix, tampoc garantir\u00e0 la disponibilitat t\u00e8cnica, exactitud, veracitat, validesa o legalitat de p\u00e0gines alienes a la seua propietat a les quals es puga accedir per mitj\u00e0 dels enlla\u00e7os.<\/p><p>DAVID SEGURA ESCUDERO declara haver adoptat totes les mesures necess\u00e0ries per a evitar qualssevol danys que, als usuaris de LA WEB, pogueren derivar-se de la navegaci\u00f3 per aquesta. En conseq\u00fc\u00e8ncia, DAVID SEGURA ESCUDERO no es fa responsable, en cap cas, dels eventuals danys que per la navegaci\u00f3 per Internet poguera patir l'usuari.<\/p><p><strong>\u00das de cookies i dades estad\u00edstiques<\/strong><br \/>Aquesta p\u00e0gina web pot arreplegar dades dels seus visitants per mitj\u00e0 de l'\u00fas de cookies, on es recaptar\u00e0 informaci\u00f3 personal relacionada amb la seua navegaci\u00f3. Per a con\u00e9ixer de manera clara i precisa les cookies que utilitzem, quines s\u00f3n les seues finalitats i com pot configurar-les o deshabilitar-les, consulte la nostra pol\u00edtica de cookies, si \u00e9s el cas.<\/p><p>L'usuari t\u00e9 la possibilitat de configurar el seu navegador de manera que se l'informe de la recepci\u00f3 de cookies, podent, si aix\u00ed ho desitja, impedir que siguen instal\u00b7lades en el seu disc dur.<\/p><p><strong>Protecci\u00f3 de dades<\/strong><br \/>En el cas que en la web s'arrepleguen dades de car\u00e0cter personal, per a m\u00e9s informaci\u00f3 consultar la pol\u00edtica de privacitat.<\/p><p><strong>Resoluci\u00f3 de controv\u00e8rsies. Llei aplicable i jurisdicci\u00f3<\/strong><br \/>Les presents Condicions Generals d'\u00das, aix\u00ed com l'\u00fas de l'Espai Web, es regiran per la legislaci\u00f3 espanyola. Per a la resoluci\u00f3 de qualsevol controv\u00e8rsia les parts se sotmetran als Jutjats i Tribunals del domicili social del responsable del lloc web.<\/p><p>En el cas que qualsevol estipulaci\u00f3 de les presents Condicions Generals d'\u00das resultara inexigible o nul\u00b7la en virtut de la legislaci\u00f3 aplicable o a conseq\u00fc\u00e8ncia d'una resoluci\u00f3 judicial o administrativa, aquesta inexigibilitat o nul\u00b7litat no far\u00e0 que les presents Condicions Generals d'\u00das resulten inexigibles o nul\u00b7les en el seu conjunt. En aquests casos, l'empresa procedir\u00e0 a la modificaci\u00f3 o substituci\u00f3 d'aquesta estipulaci\u00f3 per una altra que siga v\u00e0lida i exigible i que, en la mesura que siga possible, aconseguisca l'objectiu i pretensi\u00f3 reflectits en l'estipulaci\u00f3 original.<\/p>\t\t\t\t\t\t\t\t<\/div>\n\t\t\t\t<\/div>\n\t\t\t\t\t<\/div>\n\t\t\t\t<\/div>\n\t\t\t\t<\/div>","protected":false},"excerpt":{"rendered":"<p>Datos de la entidadEn cumplimiento del art\u00edculo 10 de la Ley 34\/2002, de 11 de julio, de Servicios de la Sociedad de la Informaci\u00f3n y Comercio Electr\u00f3nico, DAVID SEGURA ESCUDERO le informa que sus datos identificativos son los siguientes: Denominaci\u00f3n social: DAVID SEGURA ESCUDEROC.I.F.: 53221895XDomicilio social: c\/ ALACANT 2 3D 12190 &#8211; BORRIOL (CASTELLON)Tel\u00e9fono: 640102897Correo [&hellip;]<\/p>\n","protected":false},"author":3,"featured_media":0,"parent":0,"menu_order":0,"comment_status":"closed","ping_status":"closed","template":"elementor_header_footer","meta":{"footnotes":""},"class_list":["post-993","page","type-page","status-publish","hentry"],"aioseo_notices":[],"yoast_head":"<!-- This site is optimized with the Yoast SEO plugin v27.3 - https:\/\/yoast.com\/product\/yoast-seo-wordpress\/ -->\n<title>Aviso legal - Ruralketing<\/title>\n<meta name=\"robots\" content=\"index, follow, max-snippet:-1, max-image-preview:large, max-video-preview:-1\" \/>\n<link rel=\"canonical\" href=\"https:\/\/ruralketing.com\/val\/aviso-legal\/\" \/>\n<meta property=\"og:locale\" content=\"ca_ES\" \/>\n<meta property=\"og:type\" content=\"article\" \/>\n<meta property=\"og:title\" content=\"Aviso legal - Ruralketing\" \/>\n<meta property=\"og:description\" content=\"Datos de la entidadEn cumplimiento del art\u00edculo 10 de la Ley 34\/2002, de 11 de julio, de Servicios de la Sociedad de la Informaci\u00f3n y Comercio Electr\u00f3nico, DAVID SEGURA ESCUDERO le informa que sus datos identificativos son los siguientes: Denominaci\u00f3n social: DAVID SEGURA ESCUDEROC.I.F.: 53221895XDomicilio social: c\/ ALACANT 2 3D 12190 &#8211; BORRIOL (CASTELLON)Tel\u00e9fono: 640102897Correo [&hellip;]\" \/>\n<meta property=\"og:url\" content=\"https:\/\/ruralketing.com\/val\/aviso-legal\/\" \/>\n<meta property=\"og:site_name\" content=\"Ruralketing\" \/>\n<meta property=\"article:publisher\" content=\"https:\/\/www.facebook.com\/ruralketing\" \/>\n<meta property=\"article:modified_time\" content=\"2024-09-09T12:42:50+00:00\" \/>\n<meta name=\"twitter:card\" content=\"summary_large_image\" \/>\n<meta name=\"twitter:label1\" content=\"Temps estimat de lectura\" \/>\n\t<meta name=\"twitter:data1\" content=\"4 minuts\" \/>\n<script type=\"application\/ld+json\" class=\"yoast-schema-graph\">{\"@context\":\"https:\\\/\\\/schema.org\",\"@graph\":[{\"@type\":\"WebPage\",\"@id\":\"https:\\\/\\\/ruralketing.com\\\/aviso-legal\\\/\",\"url\":\"https:\\\/\\\/ruralketing.com\\\/aviso-legal\\\/\",\"name\":\"Aviso legal - Ruralketing\",\"isPartOf\":{\"@id\":\"https:\\\/\\\/ruralketing.com\\\/#website\"},\"datePublished\":\"2024-02-16T12:32:42+00:00\",\"dateModified\":\"2024-09-09T12:42:50+00:00\",\"breadcrumb\":{\"@id\":\"https:\\\/\\\/ruralketing.com\\\/aviso-legal\\\/#breadcrumb\"},\"inLanguage\":\"ca\",\"potentialAction\":[{\"@type\":\"ReadAction\",\"target\":[\"https:\\\/\\\/ruralketing.com\\\/aviso-legal\\\/\"]}]},{\"@type\":\"BreadcrumbList\",\"@id\":\"https:\\\/\\\/ruralketing.com\\\/aviso-legal\\\/#breadcrumb\",\"itemListElement\":[{\"@type\":\"ListItem\",\"position\":1,\"name\":\"Portada\",\"item\":\"https:\\\/\\\/ruralketing.com\\\/\"},{\"@type\":\"ListItem\",\"position\":2,\"name\":\"Aviso legal\"}]},{\"@type\":\"WebSite\",\"@id\":\"https:\\\/\\\/ruralketing.com\\\/#website\",\"url\":\"https:\\\/\\\/ruralketing.com\\\/\",\"name\":\"Ruralketing\",\"description\":\"\",\"publisher\":{\"@id\":\"https:\\\/\\\/ruralketing.com\\\/#organization\"},\"potentialAction\":[{\"@type\":\"SearchAction\",\"target\":{\"@type\":\"EntryPoint\",\"urlTemplate\":\"https:\\\/\\\/ruralketing.com\\\/?s={search_term_string}\"},\"query-input\":{\"@type\":\"PropertyValueSpecification\",\"valueRequired\":true,\"valueName\":\"search_term_string\"}}],\"inLanguage\":\"ca\"},{\"@type\":\"Organization\",\"@id\":\"https:\\\/\\\/ruralketing.com\\\/#organization\",\"name\":\"Ruralketing\",\"url\":\"https:\\\/\\\/ruralketing.com\\\/\",\"logo\":{\"@type\":\"ImageObject\",\"inLanguage\":\"ca\",\"@id\":\"https:\\\/\\\/ruralketing.com\\\/#\\\/schema\\\/logo\\\/image\\\/\",\"url\":\"https:\\\/\\\/ruralketing.com\\\/wp-content\\\/uploads\\\/2023\\\/09\\\/cropped-logo-ruralketing.png\",\"contentUrl\":\"https:\\\/\\\/ruralketing.com\\\/wp-content\\\/uploads\\\/2023\\\/09\\\/cropped-logo-ruralketing.png\",\"width\":407,\"height\":76,\"caption\":\"Ruralketing\"},\"image\":{\"@id\":\"https:\\\/\\\/ruralketing.com\\\/#\\\/schema\\\/logo\\\/image\\\/\"},\"sameAs\":[\"https:\\\/\\\/www.facebook.com\\\/ruralketing\",\"https:\\\/\\\/www.instagram.com\\\/ruralketing_oficial\"]}]}<\/script>\n<!-- \/ Yoast SEO plugin. -->","yoast_head_json":{"title":"Aviso legal - Ruralketing","robots":{"index":"index","follow":"follow","max-snippet":"max-snippet:-1","max-image-preview":"max-image-preview:large","max-video-preview":"max-video-preview:-1"},"canonical":"https:\/\/ruralketing.com\/val\/aviso-legal\/","og_locale":"ca_ES","og_type":"article","og_title":"Aviso legal - Ruralketing","og_description":"Datos de la entidadEn cumplimiento del art\u00edculo 10 de la Ley 34\/2002, de 11 de julio, de Servicios de la Sociedad de la Informaci\u00f3n y Comercio Electr\u00f3nico, DAVID SEGURA ESCUDERO le informa que sus datos identificativos son los siguientes: Denominaci\u00f3n social: DAVID SEGURA ESCUDEROC.I.F.: 53221895XDomicilio social: c\/ ALACANT 2 3D 12190 &#8211; BORRIOL (CASTELLON)Tel\u00e9fono: 640102897Correo [&hellip;]","og_url":"https:\/\/ruralketing.com\/val\/aviso-legal\/","og_site_name":"Ruralketing","article_publisher":"https:\/\/www.facebook.com\/ruralketing","article_modified_time":"2024-09-09T12:42:50+00:00","twitter_card":"summary_large_image","twitter_misc":{"Temps estimat de lectura":"4 minuts"},"schema":{"@context":"https:\/\/schema.org","@graph":[{"@type":"WebPage","@id":"https:\/\/ruralketing.com\/aviso-legal\/","url":"https:\/\/ruralketing.com\/aviso-legal\/","name":"Aviso legal - Ruralketing","isPartOf":{"@id":"https:\/\/ruralketing.com\/#website"},"datePublished":"2024-02-16T12:32:42+00:00","dateModified":"2024-09-09T12:42:50+00:00","breadcrumb":{"@id":"https:\/\/ruralketing.com\/aviso-legal\/#breadcrumb"},"inLanguage":"ca","potentialAction":[{"@type":"ReadAction","target":["https:\/\/ruralketing.com\/aviso-legal\/"]}]},{"@type":"BreadcrumbList","@id":"https:\/\/ruralketing.com\/aviso-legal\/#breadcrumb","itemListElement":[{"@type":"ListItem","position":1,"name":"Portada","item":"https:\/\/ruralketing.com\/"},{"@type":"ListItem","position":2,"name":"Aviso legal"}]},{"@type":"WebSite","@id":"https:\/\/ruralketing.com\/#website","url":"https:\/\/ruralketing.com\/","name":"Ruralketing","description":"","publisher":{"@id":"https:\/\/ruralketing.com\/#organization"},"potentialAction":[{"@type":"SearchAction","target":{"@type":"EntryPoint","urlTemplate":"https:\/\/ruralketing.com\/?s={search_term_string}"},"query-input":{"@type":"PropertyValueSpecification","valueRequired":true,"valueName":"search_term_string"}}],"inLanguage":"ca"},{"@type":"Organization","@id":"https:\/\/ruralketing.com\/#organization","name":"Ruralketing","url":"https:\/\/ruralketing.com\/","logo":{"@type":"ImageObject","inLanguage":"ca","@id":"https:\/\/ruralketing.com\/#\/schema\/logo\/image\/","url":"https:\/\/ruralketing.com\/wp-content\/uploads\/2023\/09\/cropped-logo-ruralketing.png","contentUrl":"https:\/\/ruralketing.com\/wp-content\/uploads\/2023\/09\/cropped-logo-ruralketing.png","width":407,"height":76,"caption":"Ruralketing"},"image":{"@id":"https:\/\/ruralketing.com\/#\/schema\/logo\/image\/"},"sameAs":["https:\/\/www.facebook.com\/ruralketing","https:\/\/www.instagram.com\/ruralketing_oficial"]}]}},"_links":{"self":[{"href":"https:\/\/ruralketing.com\/val\/wp-json\/wp\/v2\/pages\/993","targetHints":{"allow":["GET"]}}],"collection":[{"href":"https:\/\/ruralketing.com\/val\/wp-json\/wp\/v2\/pages"}],"about":[{"href":"https:\/\/ruralketing.com\/val\/wp-json\/wp\/v2\/types\/page"}],"author":[{"embeddable":true,"href":"https:\/\/ruralketing.com\/val\/wp-json\/wp\/v2\/users\/3"}],"replies":[{"embeddable":true,"href":"https:\/\/ruralketing.com\/val\/wp-json\/wp\/v2\/comments?post=993"}],"version-history":[{"count":9,"href":"https:\/\/ruralketing.com\/val\/wp-json\/wp\/v2\/pages\/993\/revisions"}],"predecessor-version":[{"id":1109,"href":"https:\/\/ruralketing.com\/val\/wp-json\/wp\/v2\/pages\/993\/revisions\/1109"}],"wp:attachment":[{"href":"https:\/\/ruralketing.com\/val\/wp-json\/wp\/v2\/media?parent=993"}],"curies":[{"name":"wp","href":"https:\/\/api.w.org\/{rel}","templated":true}]}}