{"id":989,"date":"2024-02-16T12:30:12","date_gmt":"2024-02-16T12:30:12","guid":{"rendered":"https:\/\/ruralketing.com\/?page_id=989"},"modified":"2024-09-11T07:25:37","modified_gmt":"2024-09-11T07:25:37","slug":"politica-de-privacidad","status":"publish","type":"page","link":"https:\/\/ruralketing.com\/val\/politica-de-privacidad\/","title":{"rendered":"Pol\u00edtica de privacitat"},"content":{"rendered":"<div data-elementor-type=\"wp-page\" data-elementor-id=\"989\" class=\"elementor elementor-989\" data-elementor-settings=\"{&quot;ha_cmc_init_switcher&quot;:&quot;no&quot;}\" data-elementor-post-type=\"page\">\n\t\t\t\t<div class=\"elementor-element elementor-element-fd8df38 e-flex e-con-boxed e-con e-parent\" data-id=\"fd8df38\" data-element_type=\"container\" data-e-type=\"container\" data-settings=\"{&quot;_ha_eqh_enable&quot;:false}\">\n\t\t\t\t\t<div class=\"e-con-inner\">\n\t\t\t\t<div class=\"elementor-element elementor-element-cd04cfa elementor-widget elementor-widget-text-editor\" data-id=\"cd04cfa\" data-element_type=\"widget\" data-e-type=\"widget\" data-widget_type=\"text-editor.default\">\n\t\t\t\t<div class=\"elementor-widget-container\">\n\t\t\t\t\t\t\t\t\t<p><strong>Dret d'informaci\u00f3<\/strong><br \/>A l'efecte del que es disposa en el Reglament (UE) 2016\/679 de 27 d'abril de 2016 (GDPR), relatiu a la protecci\u00f3 de les persones f\u00edsiques pel que fa al tractament de dades personals i a la lliure circulaci\u00f3 d'aquestes dades i a la Llei org\u00e0nica 3\/2018 de 5 de desembre, de protecci\u00f3 de dades de car\u00e0cter personal i garantia dels drets digitals (LOPDGDD), s'informa l'usuari de l'exist\u00e8ncia d'un tractament automatitzat de dades de car\u00e0cter personal creat per DAVID SEGURA ESCUDERO i sota la seua responsabilitat amb les dades personals que ens poguera facilitar durant la navegaci\u00f3 pel nostre Lloc web ja b\u00e9 siga en el moment del seu registre o quan remeta un missatge de correu electr\u00f2nic.<\/p><p><strong>Responsable de tractament:<\/strong><br \/>Denominaci\u00f3 social: DAVID SEGURA ESCUDERO<br \/>CIF: 53221895X<br \/>Domicili social: c\/ ALACANT 2 3D, 12190 \u2013 BORRIOL (CASTELL\u00d3N)<br \/>Tel\u00e8fon: 640102897<br \/>Correu electr\u00f2nic a l'efecte de comunicaci\u00f3: mejora@agentedavidsegura.com<br \/>Finalitat del tractament:<br \/>Li indiquem que la finalitat del tractament de les seues dades \u00e9s la descrita en cadascun dels formularis establits en la p\u00e0gina web en els quals vost\u00e9 ens facilita les seues dades.<\/p><p><strong>Legitimaci\u00f3:<\/strong><br \/>Article 6.1.a) del RGPD. L'interessat va donar el seu consentiment per al tractament de les seues dades personals per a un o diversos fins espec\u00edfics.<\/p><p><strong>Conservaci\u00f3 i tractament de les<\/strong> dades:<br \/>Les seues dades seran conservades durant el temps necessari per a atendre la seua sol\u00b7licitud, sempre que no ens indique el contrari exercint el seu dret de supressi\u00f3, o durant el temps necessari per a complir amb les obligacions legals i atendre les possibles responsabilitats que pogueren derivar del compliment de la finalitat per a la qual les dades van ser recaptades. En cas de ser necessari, DAVID SEGURA ESCUDERO cancel\u00b7lar\u00e0 o rectificar\u00e0 les dades quan resulten inexactes, incomplets o hagen deixat de ser necessaris per a la seua finalitat, de conformitat amb el que es preveu en la legislaci\u00f3 vigent en mat\u00e8ria de Protecci\u00f3 de Dades de Car\u00e0cter Personal.<\/p><p>Mentre no ens comunique el contrari, entendrem que les seues dades no han sigut modificats, que vost\u00e9 es compromet a notificar-nos qualsevol variaci\u00f3 i que tenim el consentiment per a utilitzar-los a fi de poder fideliTzar la relaci\u00f3 entre les parts.<\/p><p>Les dades facilitades no seran cedits a tercers excepte en els casos en qu\u00e8 existisca una obligaci\u00f3 legal.<\/p><p>DAVID SEGURA ESCUDERO no elaborar\u00e0 cap mena de \u201cperfil\u201d, sobre la base de la informaci\u00f3 facilitada. No es prendran decisions automatitzades sobre la base de perfils.<\/p><p>D'acord amb el que estableix la Llei 34\/2002, de Serveis de la Societat de la Informaci\u00f3 i el Comer\u00e7 Electr\u00f2nic en el seu article 21, sol\u00b7licitarem el seu consentiment per a poder realitzar comunicacions publicit\u00e0ries que considerem puguen ser del seu inter\u00e9s, per correu electr\u00f2nic o per qualsevol altre mitj\u00e0 de comunicaci\u00f3 electr\u00f2nica equivalent.<\/p><p>Vost\u00e9 t\u00e9 dret a oposar-se i\/o retirar el consentiment al tractament de les dades indicades anteriorment, si \u00e9s el cas, i en qualsevol moment, sense que aix\u00f2 afecte la licitud del tractament basat en el consentiment previ a la seua retirada, mitjan\u00e7ant notificaci\u00f3 al responsable del tractament en la\/s direcci\u00f3\/\u00e9s indicada\/s.<\/p><p><strong>Mesures t\u00e8cniques i organitzatives:<\/strong><br \/>DAVID SEGURA ESCUDERO adopta les mesures t\u00e8cniques, controls i procediments de car\u00e0cter f\u00edsic, organitzatiu i tecnol\u00f2gic, raonablement fiables i efectius, orientats a preservar la integritat i la seguretat de les seues dades i garantir la seua privacitat. No obstant aix\u00f2, no assumeix cap responsabilitat pels danys i perjudicis derivats d'alteracions que tercers puguen causar en els sistemes inform\u00e0tics, documents electr\u00f2nics o fitxers de l'usuari.<\/p><p>A m\u00e9s, tot el personal amb acc\u00e9s a les dades personals ha sigut format i t\u00e9 coneixement de les seues obligacions en relaci\u00f3 amb els tractaments de dades personals.<\/p><p>En el cas dels contractes que subscrivim amb els nostres prove\u00efdors incloem cl\u00e0usules en les quals se'ls exigeix mantindre el deure de secret respecte a les dades de car\u00e0cter personal als quals hagen tingut acc\u00e9s en virtut de l'enc\u00e0rrec realitzat, aix\u00ed com implantar les mesures de seguretat t\u00e8cniques i organitzatives necess\u00e0ries per a garantir la confidencialitat, integritat, disponibilitat i resili\u00e8ncia permanents dels sistemes i serveis de tractament de les dades personals.<\/p><p>Totes aquestes mesures de seguretat s\u00f3n revisades de manera peri\u00f2dica per a garantir la seua adequaci\u00f3 i efectivitat.<\/p><p>No obstant aix\u00f2, la seguretat absoluta no es pot garantir i no existeix cap sistema de seguretat que siga impenetrable pel que, en el cas de qualsevol informaci\u00f3 objecte de tractament i sota el nostre control es vera compromesa a conseq\u00fc\u00e8ncia d'una bretxa de seguretat, prendrem les mesures adequades per a investigar l'incident, notificar-lo a l'Autoritat de Control i, si \u00e9s el cas, a aquells usuaris que s'hagueren pogut veure afectats perqu\u00e8 prenguen les mesures adequades.<\/p><p><strong>Drets:<\/strong><br \/>L'usuari podr\u00e0 exercir els drets d'acc\u00e9s, rectificaci\u00f3, supressi\u00f3, oposici\u00f3, limitaci\u00f3 del tractament, portabilitat de dades i a no ser objecte de decisions individualitzades automatitzades, en relaci\u00f3 amb les dades objecte del tractament, davant el responsable del tractament en l'adre\u00e7a anteriorment esmentada, o per correu electr\u00f2nic a mejora@agentedavidsegura.com, adjuntant c\u00f2pia del seu DNI o document equivalent. En cas que no haja obtingut satisfacci\u00f3 en l'exercici dels seus drets, podr\u00e0 presentar una reclamaci\u00f3 davant l'Autoritat de Control en mat\u00e8ria Protecci\u00f3 de Dades competent, sent aquesta l'Ag\u00e8ncia Espanyola de Protecci\u00f3 de Dades, i les dades de contacte de les quals estan accessibles en https:\/\/sedeagpd.gob.es\/sede-electronica-web\/vistas\/formnuevareclamacion\/reclamacion.jsf.<\/p>\t\t\t\t\t\t\t\t<\/div>\n\t\t\t\t<\/div>\n\t\t\t\t\t<\/div>\n\t\t\t\t<\/div>\n\t\t\t\t<\/div>","protected":false},"excerpt":{"rendered":"<p>Derecho de informaci\u00f3nA los efectos de lo dispuesto en el Reglamento (UE) 2016\/679 de 27 de abril de 2016 (GDPR), relativo a la protecci\u00f3n de las personas f\u00edsicas en lo que respecta al tratamiento de datos personales y a la libre circulaci\u00f3n de estos datos y a la Ley Org\u00e1nica 3\/2018 de 5 de diciembre, [&hellip;]<\/p>\n","protected":false},"author":3,"featured_media":0,"parent":0,"menu_order":0,"comment_status":"closed","ping_status":"closed","template":"elementor_header_footer","meta":{"footnotes":""},"class_list":["post-989","page","type-page","status-publish","hentry"],"aioseo_notices":[],"yoast_head":"<!-- This site is optimized with the Yoast SEO plugin v27.3 - https:\/\/yoast.com\/product\/yoast-seo-wordpress\/ -->\n<title>Pol\u00edtica de privacidad - Ruralketing<\/title>\n<meta name=\"robots\" content=\"index, follow, max-snippet:-1, max-image-preview:large, max-video-preview:-1\" \/>\n<link rel=\"canonical\" href=\"https:\/\/ruralketing.com\/val\/politica-de-privacidad\/\" \/>\n<meta property=\"og:locale\" content=\"ca_ES\" \/>\n<meta property=\"og:type\" content=\"article\" \/>\n<meta property=\"og:title\" content=\"Pol\u00edtica de privacidad - Ruralketing\" \/>\n<meta property=\"og:description\" content=\"Derecho de informaci\u00f3nA los efectos de lo dispuesto en el Reglamento (UE) 2016\/679 de 27 de abril de 2016 (GDPR), relativo a la protecci\u00f3n de las personas f\u00edsicas en lo que respecta al tratamiento de datos personales y a la libre circulaci\u00f3n de estos datos y a la Ley Org\u00e1nica 3\/2018 de 5 de diciembre, [&hellip;]\" \/>\n<meta property=\"og:url\" content=\"https:\/\/ruralketing.com\/val\/politica-de-privacidad\/\" \/>\n<meta property=\"og:site_name\" content=\"Ruralketing\" \/>\n<meta property=\"article:publisher\" content=\"https:\/\/www.facebook.com\/ruralketing\" \/>\n<meta property=\"article:modified_time\" content=\"2024-09-11T07:25:37+00:00\" \/>\n<meta name=\"twitter:card\" content=\"summary_large_image\" \/>\n<meta name=\"twitter:label1\" content=\"Temps estimat de lectura\" \/>\n\t<meta name=\"twitter:data1\" content=\"5 minuts\" \/>\n<script type=\"application\/ld+json\" class=\"yoast-schema-graph\">{\"@context\":\"https:\\\/\\\/schema.org\",\"@graph\":[{\"@type\":\"WebPage\",\"@id\":\"https:\\\/\\\/ruralketing.com\\\/politica-de-privacidad\\\/\",\"url\":\"https:\\\/\\\/ruralketing.com\\\/politica-de-privacidad\\\/\",\"name\":\"Pol\u00edtica de privacidad - Ruralketing\",\"isPartOf\":{\"@id\":\"https:\\\/\\\/ruralketing.com\\\/#website\"},\"datePublished\":\"2024-02-16T12:30:12+00:00\",\"dateModified\":\"2024-09-11T07:25:37+00:00\",\"breadcrumb\":{\"@id\":\"https:\\\/\\\/ruralketing.com\\\/politica-de-privacidad\\\/#breadcrumb\"},\"inLanguage\":\"ca\",\"potentialAction\":[{\"@type\":\"ReadAction\",\"target\":[\"https:\\\/\\\/ruralketing.com\\\/politica-de-privacidad\\\/\"]}]},{\"@type\":\"BreadcrumbList\",\"@id\":\"https:\\\/\\\/ruralketing.com\\\/politica-de-privacidad\\\/#breadcrumb\",\"itemListElement\":[{\"@type\":\"ListItem\",\"position\":1,\"name\":\"Portada\",\"item\":\"https:\\\/\\\/ruralketing.com\\\/\"},{\"@type\":\"ListItem\",\"position\":2,\"name\":\"Pol\u00edtica de privacidad\"}]},{\"@type\":\"WebSite\",\"@id\":\"https:\\\/\\\/ruralketing.com\\\/#website\",\"url\":\"https:\\\/\\\/ruralketing.com\\\/\",\"name\":\"Ruralketing\",\"description\":\"\",\"publisher\":{\"@id\":\"https:\\\/\\\/ruralketing.com\\\/#organization\"},\"potentialAction\":[{\"@type\":\"SearchAction\",\"target\":{\"@type\":\"EntryPoint\",\"urlTemplate\":\"https:\\\/\\\/ruralketing.com\\\/?s={search_term_string}\"},\"query-input\":{\"@type\":\"PropertyValueSpecification\",\"valueRequired\":true,\"valueName\":\"search_term_string\"}}],\"inLanguage\":\"ca\"},{\"@type\":\"Organization\",\"@id\":\"https:\\\/\\\/ruralketing.com\\\/#organization\",\"name\":\"Ruralketing\",\"url\":\"https:\\\/\\\/ruralketing.com\\\/\",\"logo\":{\"@type\":\"ImageObject\",\"inLanguage\":\"ca\",\"@id\":\"https:\\\/\\\/ruralketing.com\\\/#\\\/schema\\\/logo\\\/image\\\/\",\"url\":\"https:\\\/\\\/ruralketing.com\\\/wp-content\\\/uploads\\\/2023\\\/09\\\/cropped-logo-ruralketing.png\",\"contentUrl\":\"https:\\\/\\\/ruralketing.com\\\/wp-content\\\/uploads\\\/2023\\\/09\\\/cropped-logo-ruralketing.png\",\"width\":407,\"height\":76,\"caption\":\"Ruralketing\"},\"image\":{\"@id\":\"https:\\\/\\\/ruralketing.com\\\/#\\\/schema\\\/logo\\\/image\\\/\"},\"sameAs\":[\"https:\\\/\\\/www.facebook.com\\\/ruralketing\",\"https:\\\/\\\/www.instagram.com\\\/ruralketing_oficial\"]}]}<\/script>\n<!-- \/ Yoast SEO plugin. -->","yoast_head_json":{"title":"Pol\u00edtica de privacidad - Ruralketing","robots":{"index":"index","follow":"follow","max-snippet":"max-snippet:-1","max-image-preview":"max-image-preview:large","max-video-preview":"max-video-preview:-1"},"canonical":"https:\/\/ruralketing.com\/val\/politica-de-privacidad\/","og_locale":"ca_ES","og_type":"article","og_title":"Pol\u00edtica de privacidad - Ruralketing","og_description":"Derecho de informaci\u00f3nA los efectos de lo dispuesto en el Reglamento (UE) 2016\/679 de 27 de abril de 2016 (GDPR), relativo a la protecci\u00f3n de las personas f\u00edsicas en lo que respecta al tratamiento de datos personales y a la libre circulaci\u00f3n de estos datos y a la Ley Org\u00e1nica 3\/2018 de 5 de diciembre, [&hellip;]","og_url":"https:\/\/ruralketing.com\/val\/politica-de-privacidad\/","og_site_name":"Ruralketing","article_publisher":"https:\/\/www.facebook.com\/ruralketing","article_modified_time":"2024-09-11T07:25:37+00:00","twitter_card":"summary_large_image","twitter_misc":{"Temps estimat de lectura":"5 minuts"},"schema":{"@context":"https:\/\/schema.org","@graph":[{"@type":"WebPage","@id":"https:\/\/ruralketing.com\/politica-de-privacidad\/","url":"https:\/\/ruralketing.com\/politica-de-privacidad\/","name":"Pol\u00edtica de privacidad - Ruralketing","isPartOf":{"@id":"https:\/\/ruralketing.com\/#website"},"datePublished":"2024-02-16T12:30:12+00:00","dateModified":"2024-09-11T07:25:37+00:00","breadcrumb":{"@id":"https:\/\/ruralketing.com\/politica-de-privacidad\/#breadcrumb"},"inLanguage":"ca","potentialAction":[{"@type":"ReadAction","target":["https:\/\/ruralketing.com\/politica-de-privacidad\/"]}]},{"@type":"BreadcrumbList","@id":"https:\/\/ruralketing.com\/politica-de-privacidad\/#breadcrumb","itemListElement":[{"@type":"ListItem","position":1,"name":"Portada","item":"https:\/\/ruralketing.com\/"},{"@type":"ListItem","position":2,"name":"Pol\u00edtica de privacidad"}]},{"@type":"WebSite","@id":"https:\/\/ruralketing.com\/#website","url":"https:\/\/ruralketing.com\/","name":"Ruralketing","description":"","publisher":{"@id":"https:\/\/ruralketing.com\/#organization"},"potentialAction":[{"@type":"SearchAction","target":{"@type":"EntryPoint","urlTemplate":"https:\/\/ruralketing.com\/?s={search_term_string}"},"query-input":{"@type":"PropertyValueSpecification","valueRequired":true,"valueName":"search_term_string"}}],"inLanguage":"ca"},{"@type":"Organization","@id":"https:\/\/ruralketing.com\/#organization","name":"Ruralketing","url":"https:\/\/ruralketing.com\/","logo":{"@type":"ImageObject","inLanguage":"ca","@id":"https:\/\/ruralketing.com\/#\/schema\/logo\/image\/","url":"https:\/\/ruralketing.com\/wp-content\/uploads\/2023\/09\/cropped-logo-ruralketing.png","contentUrl":"https:\/\/ruralketing.com\/wp-content\/uploads\/2023\/09\/cropped-logo-ruralketing.png","width":407,"height":76,"caption":"Ruralketing"},"image":{"@id":"https:\/\/ruralketing.com\/#\/schema\/logo\/image\/"},"sameAs":["https:\/\/www.facebook.com\/ruralketing","https:\/\/www.instagram.com\/ruralketing_oficial"]}]}},"_links":{"self":[{"href":"https:\/\/ruralketing.com\/val\/wp-json\/wp\/v2\/pages\/989","targetHints":{"allow":["GET"]}}],"collection":[{"href":"https:\/\/ruralketing.com\/val\/wp-json\/wp\/v2\/pages"}],"about":[{"href":"https:\/\/ruralketing.com\/val\/wp-json\/wp\/v2\/types\/page"}],"author":[{"embeddable":true,"href":"https:\/\/ruralketing.com\/val\/wp-json\/wp\/v2\/users\/3"}],"replies":[{"embeddable":true,"href":"https:\/\/ruralketing.com\/val\/wp-json\/wp\/v2\/comments?post=989"}],"version-history":[{"count":18,"href":"https:\/\/ruralketing.com\/val\/wp-json\/wp\/v2\/pages\/989\/revisions"}],"predecessor-version":[{"id":1124,"href":"https:\/\/ruralketing.com\/val\/wp-json\/wp\/v2\/pages\/989\/revisions\/1124"}],"wp:attachment":[{"href":"https:\/\/ruralketing.com\/val\/wp-json\/wp\/v2\/media?parent=989"}],"curies":[{"name":"wp","href":"https:\/\/api.w.org\/{rel}","templated":true}]}}