{"id":2273,"date":"2025-08-08T11:53:37","date_gmt":"2025-08-08T11:53:37","guid":{"rendered":"https:\/\/ruralketing.com\/?page_id=2273"},"modified":"2025-08-08T13:39:10","modified_gmt":"2025-08-08T13:39:10","slug":"compra-asistente-digital","status":"publish","type":"page","link":"https:\/\/ruralketing.com\/val\/compra-asistente-digital\/","title":{"rendered":"compra asistente digital"},"content":{"rendered":"<div data-elementor-type=\"wp-page\" data-elementor-id=\"2273\" class=\"elementor elementor-2273\" data-elementor-settings=\"{&quot;ha_cmc_init_switcher&quot;:&quot;no&quot;}\" data-elementor-post-type=\"page\">\n\t\t\t\t<div class=\"elementor-element elementor-element-37f2ad0 e-flex e-con-boxed e-con e-parent\" data-id=\"37f2ad0\" data-element_type=\"container\" data-e-type=\"container\" data-settings=\"{&quot;_ha_eqh_enable&quot;:false}\">\n\t\t\t\t\t<div class=\"e-con-inner\">\n\t\t<div class=\"elementor-element elementor-element-ecf1d2f e-con-full e-flex e-con e-child\" data-id=\"ecf1d2f\" data-element_type=\"container\" data-e-type=\"container\" data-settings=\"{&quot;_ha_eqh_enable&quot;:false}\">\n\t\t\t\t<div class=\"elementor-element elementor-element-d6e1975 elementor-widget elementor-widget-heading\" data-id=\"d6e1975\" data-element_type=\"widget\" data-e-type=\"widget\" data-widget_type=\"heading.default\">\n\t\t\t\t<div class=\"elementor-widget-container\">\n\t\t\t\t\t<h2 class=\"elementor-heading-title elementor-size-default\">\u00a1Felicidades!<\/h2>\t\t\t\t<\/div>\n\t\t\t\t<\/div>\n\t\t\t\t<div class=\"elementor-element elementor-element-3476127 elementor-widget elementor-widget-text-editor\" data-id=\"3476127\" data-element_type=\"widget\" data-e-type=\"widget\" data-widget_type=\"text-editor.default\">\n\t\t\t\t<div class=\"elementor-widget-container\">\n\t\t\t\t\t\t\t\t\t<p>\u00a1Acabas de dar un paso enorme hacia el futuro (que, por cierto, ya es m\u00e1s presente que otra cosa): la inteligencia artificial! Ahora lo importante es que le saques todo el jugo y aproveches tu nuevo asistente de IA.<\/p><p>\u00a0<\/p><p>Te dejamos por aqu\u00ed una gu\u00eda para que puedas empezar sin l\u00edos y descubrir todos los trucos y ventajas que te esperan.<\/p><p>\u00a0<\/p><p>\u00a1Ya est\u00e1s listx para arrancar! Haz clic en copiar link en tu ticket de compra y empieza a disfrutar de tu nuevo\u00a0asistente.<\/p>\t\t\t\t\t\t\t\t<\/div>\n\t\t\t\t<\/div>\n\t\t\t\t<\/div>\n\t\t<div class=\"elementor-element elementor-element-34e63dd e-con-full e-flex e-con e-child\" data-id=\"34e63dd\" data-element_type=\"container\" data-e-type=\"container\" data-settings=\"{&quot;_ha_eqh_enable&quot;:false}\">\n\t\t<div class=\"elementor-element elementor-element-46ed3ff e-con-full print-ticket e-flex e-con e-child\" data-id=\"46ed3ff\" data-element_type=\"container\" data-e-type=\"container\" data-settings=\"{&quot;_ha_eqh_enable&quot;:false}\">\n\t\t<div class=\"elementor-element elementor-element-7474ff9 e-con-full e-flex e-con e-child\" data-id=\"7474ff9\" data-element_type=\"container\" data-e-type=\"container\" data-settings=\"{&quot;_ha_eqh_enable&quot;:false}\">\n\t\t\t\t<div class=\"elementor-element elementor-element-f3b3f2d elementor-widget elementor-widget-image\" data-id=\"f3b3f2d\" data-element_type=\"widget\" data-e-type=\"widget\" data-widget_type=\"image.default\">\n\t\t\t\t<div class=\"elementor-widget-container\">\n\t\t\t\t\t\t\t\t\t\t\t\t\t\t\t<img decoding=\"async\" width=\"497\" height=\"15\" src=\"https:\/\/ruralketing.com\/wp-content\/uploads\/2025\/08\/Group-17.svg\" class=\"attachment-large size-large wp-image-2255\" alt=\"\" \/>\t\t\t\t\t\t\t\t\t\t\t\t\t\t\t<\/div>\n\t\t\t\t<\/div>\n\t\t\t\t<\/div>\n\t\t<div class=\"elementor-element elementor-element-27b9059 e-con-full e-flex e-con e-child\" data-id=\"27b9059\" data-element_type=\"container\" data-e-type=\"container\" data-settings=\"{&quot;background_background&quot;:&quot;classic&quot;,&quot;_ha_eqh_enable&quot;:false}\">\n\t\t\t\t<div class=\"elementor-element elementor-element-bc58264 elementor-widget elementor-widget-text-editor\" data-id=\"bc58264\" data-element_type=\"widget\" data-e-type=\"widget\" data-widget_type=\"text-editor.default\">\n\t\t\t\t<div class=\"elementor-widget-container\">\n\t\t\t\t\t\t\t\t\t<p style=\"text-align: center;\">Gracias por tu compra<\/p>\t\t\t\t\t\t\t\t<\/div>\n\t\t\t\t<\/div>\n\t\t\t\t<div class=\"elementor-element elementor-element-31362f8 elementor-widget-divider--view-line elementor-widget elementor-widget-divider\" data-id=\"31362f8\" data-element_type=\"widget\" data-e-type=\"widget\" data-widget_type=\"divider.default\">\n\t\t\t\t<div class=\"elementor-widget-container\">\n\t\t\t\t\t\t\t<div class=\"elementor-divider\">\n\t\t\t<span class=\"elementor-divider-separator\">\n\t\t\t\t\t\t<\/span>\n\t\t<\/div>\n\t\t\t\t\t\t<\/div>\n\t\t\t\t<\/div>\n\t\t\t\t<div class=\"elementor-element elementor-element-a75947e elementor-widget elementor-widget-image\" data-id=\"a75947e\" data-element_type=\"widget\" data-e-type=\"widget\" data-widget_type=\"image.default\">\n\t\t\t\t<div class=\"elementor-widget-container\">\n\t\t\t\t\t\t\t\t\t\t\t\t\t\t\t<img fetchpriority=\"high\" decoding=\"async\" width=\"800\" height=\"159\" src=\"https:\/\/ruralketing.com\/wp-content\/uploads\/2025\/08\/posts-2025-1-1024x203.png\" class=\"attachment-large size-large wp-image-2256\" alt=\"\" srcset=\"https:\/\/ruralketing.com\/wp-content\/uploads\/2025\/08\/posts-2025-1-1024x203.png 1024w, https:\/\/ruralketing.com\/wp-content\/uploads\/2025\/08\/posts-2025-1-300x59.png 300w, https:\/\/ruralketing.com\/wp-content\/uploads\/2025\/08\/posts-2025-1-768x152.png 768w, https:\/\/ruralketing.com\/wp-content\/uploads\/2025\/08\/posts-2025-1-18x4.png 18w, https:\/\/ruralketing.com\/wp-content\/uploads\/2025\/08\/posts-2025-1.png 1495w\" sizes=\"(max-width: 800px) 100vw, 800px\" \/>\t\t\t\t\t\t\t\t\t\t\t\t\t\t\t<\/div>\n\t\t\t\t<\/div>\n\t\t\t\t<div class=\"elementor-element elementor-element-9ff3471 elementor-widget-divider--view-line elementor-widget elementor-widget-divider\" data-id=\"9ff3471\" data-element_type=\"widget\" data-e-type=\"widget\" data-widget_type=\"divider.default\">\n\t\t\t\t<div class=\"elementor-widget-container\">\n\t\t\t\t\t\t\t<div class=\"elementor-divider\">\n\t\t\t<span class=\"elementor-divider-separator\">\n\t\t\t\t\t\t<\/span>\n\t\t<\/div>\n\t\t\t\t\t\t<\/div>\n\t\t\t\t<\/div>\n\t\t\t\t<div class=\"elementor-element elementor-element-d06c845 elementor-widget elementor-widget-text-editor\" data-id=\"d06c845\" data-element_type=\"widget\" data-e-type=\"widget\" data-widget_type=\"text-editor.default\">\n\t\t\t\t<div class=\"elementor-widget-container\">\n\t\t\t\t\t\t\t\t\t<p style=\"text-align: center;\">Ya tienes en tus manos el asistente que te lo har\u00e1 todo m\u00e1s f\u00e1cil. Ahora te toca exprimirlo al m\u00e1ximo, sin miedo, que el jugo\u00a0no\u00a0se\u00a0acaba.<\/p>\t\t\t\t\t\t\t\t<\/div>\n\t\t\t\t<\/div>\n\t\t\t\t<div class=\"elementor-element elementor-element-dca5bea elementor-widget elementor-widget-html\" data-id=\"dca5bea\" data-element_type=\"widget\" data-e-type=\"widget\" data-widget_type=\"html.default\">\n\t\t\t\t<div class=\"elementor-widget-container\">\n\t\t\t\t\t<!-- Contenedor -->\r\n<div id=\"fecha-hora-carga\"><\/div>\r\n\r\n<script>\r\nconst abiertoA = new Date(); \/\/ Captura la hora al abrir la p\u00e1gina\r\n\r\n\/\/ Formatear fecha y hora\r\nconst fecha = abiertoA.toLocaleDateString('es-ES', {\r\n  day: '2-digit',\r\n  month: '2-digit',\r\n  year: 'numeric'\r\n});\r\nconst hora = abiertoA.toLocaleTimeString('es-ES', {\r\n  hour: '2-digit',\r\n  minute: '2-digit',\r\n  hour12: false\r\n}) + 'h';\r\n\r\n\/\/ Pintar en pantalla\r\ndocument.getElementById('fecha-hora-carga').textContent = `${fecha} ${hora}`;\r\n<\/script>\r\n\r\n<style>\r\n\/* Importa la tipograf\u00eda Reddit Mono *\/\r\n@import url('https:\/\/fonts.googleapis.com\/css2?family=Reddit+Mono&display=swap');\r\n\r\n#fecha-hora-carga {\r\n  font-family: 'Reddit Mono', monospace;\r\n  font-size: 9pt; \/* Tama\u00f1o en puntos *\/\r\n  color: #044437;  \/* Color solicitado *\/\r\n  font-weight: 400;\r\n}\r\n<\/style>\r\n\t\t\t\t<\/div>\n\t\t\t\t<\/div>\n\t\t\t\t<div class=\"elementor-element elementor-element-fac0e44 elementor-widget-divider--view-line elementor-widget elementor-widget-divider\" data-id=\"fac0e44\" data-element_type=\"widget\" data-e-type=\"widget\" data-widget_type=\"divider.default\">\n\t\t\t\t<div class=\"elementor-widget-container\">\n\t\t\t\t\t\t\t<div class=\"elementor-divider\">\n\t\t\t<span class=\"elementor-divider-separator\">\n\t\t\t\t\t\t<\/span>\n\t\t<\/div>\n\t\t\t\t\t\t<\/div>\n\t\t\t\t<\/div>\n\t\t<div class=\"elementor-element elementor-element-39344e1 e-con-full e-flex e-con e-child\" data-id=\"39344e1\" data-element_type=\"container\" data-e-type=\"container\" data-settings=\"{&quot;_ha_eqh_enable&quot;:false}\">\n\t\t\t\t<div class=\"elementor-element elementor-element-a8689a5 elementor-widget elementor-widget-text-editor\" data-id=\"a8689a5\" data-element_type=\"widget\" data-e-type=\"widget\" data-widget_type=\"text-editor.default\">\n\t\t\t\t<div class=\"elementor-widget-container\">\n\t\t\t\t\t\t\t\t\t<p style=\"text-align: left;\">Asistente digital<\/p>\t\t\t\t\t\t\t\t<\/div>\n\t\t\t\t<\/div>\n\t\t\t\t<div class=\"elementor-element elementor-element-4fc4671 cursor-hand elementor-widget elementor-widget-text-editor\" data-id=\"4fc4671\" data-element_type=\"widget\" data-e-type=\"widget\" id=\"boton-copiar\" data-widget_type=\"text-editor.default\">\n\t\t\t\t<div class=\"elementor-widget-container\">\n\t\t\t\t\t\t\t\t\t<p style=\"text-align: left;\">Copiar link<\/p>\t\t\t\t\t\t\t\t<\/div>\n\t\t\t\t<\/div>\n\t\t\t\t<\/div>\n\t\t\t\t<div class=\"elementor-element elementor-element-1338c37 elementor-widget-divider--view-line elementor-widget elementor-widget-divider\" data-id=\"1338c37\" data-element_type=\"widget\" data-e-type=\"widget\" data-widget_type=\"divider.default\">\n\t\t\t\t<div class=\"elementor-widget-container\">\n\t\t\t\t\t\t\t<div class=\"elementor-divider\">\n\t\t\t<span class=\"elementor-divider-separator\">\n\t\t\t\t\t\t<\/span>\n\t\t<\/div>\n\t\t\t\t\t\t<\/div>\n\t\t\t\t<\/div>\n\t\t<div class=\"elementor-element elementor-element-543b76c e-con-full e-flex e-con e-child\" data-id=\"543b76c\" data-element_type=\"container\" data-e-type=\"container\" data-settings=\"{&quot;_ha_eqh_enable&quot;:false}\">\n\t\t\t\t<div class=\"elementor-element elementor-element-a18a7ef elementor-widget elementor-widget-text-editor\" data-id=\"a18a7ef\" data-element_type=\"widget\" data-e-type=\"widget\" data-widget_type=\"text-editor.default\">\n\t\t\t\t<div class=\"elementor-widget-container\">\n\t\t\t\t\t\t\t\t\t<p style=\"text-align: left;\">gu\u00eda instrucciones<\/p>\t\t\t\t\t\t\t\t<\/div>\n\t\t\t\t<\/div>\n\t\t\t\t<div class=\"elementor-element elementor-element-11dd6dc cursor-hand elementor-widget elementor-widget-text-editor\" data-id=\"11dd6dc\" data-element_type=\"widget\" data-e-type=\"widget\" data-widget_type=\"text-editor.default\">\n\t\t\t\t<div class=\"elementor-widget-container\">\n\t\t\t\t\t\t\t\t\t<p style=\"text-align: left;\"><span style=\"color: #044437;\"><a style=\"color: #044437;\" href=\"https:\/\/ruralketing.com\/wp-content\/uploads\/2025\/08\/Guia-de-Uso-\u2013-Tu-Asistente-Digital.pdf\" target=\"_blank\" rel=\"noopener\">Descargar<\/a><\/span><\/p>\t\t\t\t\t\t\t\t<\/div>\n\t\t\t\t<\/div>\n\t\t\t\t<\/div>\n\t\t\t\t<div class=\"elementor-element elementor-element-b29330c elementor-widget-divider--view-line elementor-widget elementor-widget-divider\" data-id=\"b29330c\" data-element_type=\"widget\" data-e-type=\"widget\" data-widget_type=\"divider.default\">\n\t\t\t\t<div class=\"elementor-widget-container\">\n\t\t\t\t\t\t\t<div class=\"elementor-divider\">\n\t\t\t<span class=\"elementor-divider-separator\">\n\t\t\t\t\t\t<\/span>\n\t\t<\/div>\n\t\t\t\t\t\t<\/div>\n\t\t\t\t<\/div>\n\t\t\t\t<div class=\"elementor-element elementor-element-56b3660 elementor-widget elementor-widget-text-editor\" data-id=\"56b3660\" data-element_type=\"widget\" data-e-type=\"widget\" data-widget_type=\"text-editor.default\">\n\t\t\t\t<div class=\"elementor-widget-container\">\n\t\t\t\t\t\t\t\t\t<p style=\"text-align: right;\">TOTAL: 1.663,86 ptas<\/p>\t\t\t\t\t\t\t\t<\/div>\n\t\t\t\t<\/div>\n\t\t\t\t<div class=\"elementor-element elementor-element-86950ea elementor-widget elementor-widget-image\" data-id=\"86950ea\" data-element_type=\"widget\" data-e-type=\"widget\" data-widget_type=\"image.default\">\n\t\t\t\t<div class=\"elementor-widget-container\">\n\t\t\t\t\t\t\t\t\t\t\t\t\t\t\t<img decoding=\"async\" width=\"800\" height=\"159\" src=\"https:\/\/ruralketing.com\/wp-content\/uploads\/2025\/08\/posts-2025.png\" class=\"attachment-large size-large wp-image-2258\" alt=\"\" srcset=\"https:\/\/ruralketing.com\/wp-content\/uploads\/2025\/08\/posts-2025.png 991w, https:\/\/ruralketing.com\/wp-content\/uploads\/2025\/08\/posts-2025-300x60.png 300w, https:\/\/ruralketing.com\/wp-content\/uploads\/2025\/08\/posts-2025-768x153.png 768w, https:\/\/ruralketing.com\/wp-content\/uploads\/2025\/08\/posts-2025-18x4.png 18w\" sizes=\"(max-width: 800px) 100vw, 800px\" \/>\t\t\t\t\t\t\t\t\t\t\t\t\t\t\t<\/div>\n\t\t\t\t<\/div>\n\t\t\t\t<div class=\"elementor-element elementor-element-bd946c4 elementor-widget elementor-widget-text-editor\" data-id=\"bd946c4\" data-element_type=\"widget\" data-e-type=\"widget\" data-widget_type=\"text-editor.default\">\n\t\t\t\t<div class=\"elementor-widget-container\">\n\t\t\t\t\t\t\t\t\t<p style=\"text-align: center;\">info@ruralketing.com<br \/>640 102 897<br \/>C\/ Alacant, 2, 3D <br \/>12190 Borriol \u00b7 Castell\u00f3<\/p>\t\t\t\t\t\t\t\t<\/div>\n\t\t\t\t<\/div>\n\t\t\t\t<\/div>\n\t\t<div class=\"elementor-element elementor-element-aee7a04 e-con-full e-flex e-con e-child\" data-id=\"aee7a04\" data-element_type=\"container\" data-e-type=\"container\" data-settings=\"{&quot;_ha_eqh_enable&quot;:false}\">\n\t\t\t\t<div class=\"elementor-element elementor-element-d00483a elementor-widget elementor-widget-image\" data-id=\"d00483a\" data-element_type=\"widget\" data-e-type=\"widget\" data-widget_type=\"image.default\">\n\t\t\t\t<div class=\"elementor-widget-container\">\n\t\t\t\t\t\t\t\t\t\t\t\t\t\t\t<img loading=\"lazy\" decoding=\"async\" width=\"496\" height=\"15\" src=\"https:\/\/ruralketing.com\/wp-content\/uploads\/2025\/08\/Group-18.svg\" class=\"attachment-large size-large wp-image-2254\" alt=\"\" \/>\t\t\t\t\t\t\t\t\t\t\t\t\t\t\t<\/div>\n\t\t\t\t<\/div>\n\t\t\t\t<div class=\"elementor-element elementor-element-21da170 elementor-widget elementor-widget-html\" data-id=\"21da170\" data-element_type=\"widget\" data-e-type=\"widget\" data-widget_type=\"html.default\">\n\t\t\t\t<div class=\"elementor-widget-container\">\n\t\t\t\t\t<script>\r\ndocument.getElementById('boton-copiar').addEventListener('click', function(e) {\r\n  e.preventDefault(); \/\/ evita que siga un enlace si lo tiene\r\n  const enlace = 'https:\/\/chatgpt.com\/g\/g-686cc40973588191bfc4f00e95a6a9ff-tu-asistente-digital'; \/\/ <-- cambia este enlace\r\n  navigator.clipboard.writeText(enlace)\r\n    .then(() => {\r\n      alert('\u00a1Enlace copiado al portapapeles!');\r\n    })\r\n    .catch(err => {\r\n      console.error('Error al copiar: ', err);\r\n    });\r\n});\r\n<\/script>\r\n\t\t\t\t<\/div>\n\t\t\t\t<\/div>\n\t\t\t\t<\/div>\n\t\t\t\t<\/div>\n\t\t\t\t<\/div>\n\t\t\t\t\t<\/div>\n\t\t\t\t<\/div>\n\t\t\t\t<\/div>","protected":false},"excerpt":{"rendered":"<p>\u00a1Felicidades! \u00a1Acabas de dar un paso enorme hacia el futuro (que, por cierto, ya es m\u00e1s presente que otra cosa): la inteligencia artificial! Ahora lo importante es que le saques todo el jugo y aproveches tu nuevo asistente de IA. \u00a0 Te dejamos por aqu\u00ed una gu\u00eda para que puedas empezar sin l\u00edos y descubrir [&hellip;]<\/p>\n","protected":false},"author":3,"featured_media":0,"parent":0,"menu_order":0,"comment_status":"closed","ping_status":"closed","template":"elementor_header_footer","meta":{"footnotes":""},"class_list":["post-2273","page","type-page","status-publish","hentry"],"aioseo_notices":[],"yoast_head":"<!-- This site is optimized with the Yoast SEO plugin v27.5 - https:\/\/yoast.com\/product\/yoast-seo-wordpress\/ -->\n<title>compra asistente digital - Ruralketing<\/title>\n<meta name=\"robots\" content=\"index, follow, max-snippet:-1, max-image-preview:large, max-video-preview:-1\" \/>\n<link rel=\"canonical\" href=\"https:\/\/ruralketing.com\/val\/compra-asistente-digital\/\" \/>\n<meta property=\"og:locale\" content=\"ca_ES\" \/>\n<meta property=\"og:type\" content=\"article\" \/>\n<meta property=\"og:title\" content=\"compra asistente digital - Ruralketing\" \/>\n<meta property=\"og:description\" content=\"\u00a1Felicidades! \u00a1Acabas de dar un paso enorme hacia el futuro (que, por cierto, ya es m\u00e1s presente que otra cosa): la inteligencia artificial! Ahora lo importante es que le saques todo el jugo y aproveches tu nuevo asistente de IA. \u00a0 Te dejamos por aqu\u00ed una gu\u00eda para que puedas empezar sin l\u00edos y descubrir [&hellip;]\" \/>\n<meta property=\"og:url\" content=\"https:\/\/ruralketing.com\/val\/compra-asistente-digital\/\" \/>\n<meta property=\"og:site_name\" content=\"Ruralketing\" \/>\n<meta property=\"article:publisher\" content=\"https:\/\/www.facebook.com\/ruralketing\" \/>\n<meta property=\"article:modified_time\" content=\"2025-08-08T13:39:10+00:00\" \/>\n<meta name=\"twitter:card\" content=\"summary_large_image\" \/>\n<meta name=\"twitter:label1\" content=\"Temps estimat de lectura\" \/>\n\t<meta name=\"twitter:data1\" content=\"1 minut\" \/>\n<script type=\"application\/ld+json\" class=\"yoast-schema-graph\">{\"@context\":\"https:\\\/\\\/schema.org\",\"@graph\":[{\"@type\":\"WebPage\",\"@id\":\"https:\\\/\\\/ruralketing.com\\\/compra-asistente-digital\\\/\",\"url\":\"https:\\\/\\\/ruralketing.com\\\/compra-asistente-digital\\\/\",\"name\":\"compra asistente digital - Ruralketing\",\"isPartOf\":{\"@id\":\"https:\\\/\\\/ruralketing.com\\\/#website\"},\"primaryImageOfPage\":{\"@id\":\"https:\\\/\\\/ruralketing.com\\\/compra-asistente-digital\\\/#primaryimage\"},\"image\":{\"@id\":\"https:\\\/\\\/ruralketing.com\\\/compra-asistente-digital\\\/#primaryimage\"},\"thumbnailUrl\":\"https:\\\/\\\/ruralketing.com\\\/wp-content\\\/uploads\\\/2025\\\/08\\\/Group-17.svg\",\"datePublished\":\"2025-08-08T11:53:37+00:00\",\"dateModified\":\"2025-08-08T13:39:10+00:00\",\"breadcrumb\":{\"@id\":\"https:\\\/\\\/ruralketing.com\\\/compra-asistente-digital\\\/#breadcrumb\"},\"inLanguage\":\"ca\",\"potentialAction\":[{\"@type\":\"ReadAction\",\"target\":[\"https:\\\/\\\/ruralketing.com\\\/compra-asistente-digital\\\/\"]}]},{\"@type\":\"ImageObject\",\"inLanguage\":\"ca\",\"@id\":\"https:\\\/\\\/ruralketing.com\\\/compra-asistente-digital\\\/#primaryimage\",\"url\":\"https:\\\/\\\/ruralketing.com\\\/wp-content\\\/uploads\\\/2025\\\/08\\\/Group-17.svg\",\"contentUrl\":\"https:\\\/\\\/ruralketing.com\\\/wp-content\\\/uploads\\\/2025\\\/08\\\/Group-17.svg\"},{\"@type\":\"BreadcrumbList\",\"@id\":\"https:\\\/\\\/ruralketing.com\\\/compra-asistente-digital\\\/#breadcrumb\",\"itemListElement\":[{\"@type\":\"ListItem\",\"position\":1,\"name\":\"Portada\",\"item\":\"https:\\\/\\\/ruralketing.com\\\/\"},{\"@type\":\"ListItem\",\"position\":2,\"name\":\"compra asistente digital\"}]},{\"@type\":\"WebSite\",\"@id\":\"https:\\\/\\\/ruralketing.com\\\/#website\",\"url\":\"https:\\\/\\\/ruralketing.com\\\/\",\"name\":\"Ruralketing\",\"description\":\"\",\"publisher\":{\"@id\":\"https:\\\/\\\/ruralketing.com\\\/#organization\"},\"potentialAction\":[{\"@type\":\"SearchAction\",\"target\":{\"@type\":\"EntryPoint\",\"urlTemplate\":\"https:\\\/\\\/ruralketing.com\\\/?s={search_term_string}\"},\"query-input\":{\"@type\":\"PropertyValueSpecification\",\"valueRequired\":true,\"valueName\":\"search_term_string\"}}],\"inLanguage\":\"ca\"},{\"@type\":\"Organization\",\"@id\":\"https:\\\/\\\/ruralketing.com\\\/#organization\",\"name\":\"Ruralketing\",\"url\":\"https:\\\/\\\/ruralketing.com\\\/\",\"logo\":{\"@type\":\"ImageObject\",\"inLanguage\":\"ca\",\"@id\":\"https:\\\/\\\/ruralketing.com\\\/#\\\/schema\\\/logo\\\/image\\\/\",\"url\":\"https:\\\/\\\/ruralketing.com\\\/wp-content\\\/uploads\\\/2023\\\/09\\\/cropped-logo-ruralketing.png\",\"contentUrl\":\"https:\\\/\\\/ruralketing.com\\\/wp-content\\\/uploads\\\/2023\\\/09\\\/cropped-logo-ruralketing.png\",\"width\":407,\"height\":76,\"caption\":\"Ruralketing\"},\"image\":{\"@id\":\"https:\\\/\\\/ruralketing.com\\\/#\\\/schema\\\/logo\\\/image\\\/\"},\"sameAs\":[\"https:\\\/\\\/www.facebook.com\\\/ruralketing\",\"https:\\\/\\\/www.instagram.com\\\/ruralketing_oficial\"]}]}<\/script>\n<!-- \/ Yoast SEO plugin. -->","yoast_head_json":{"title":"compra asistente digital - Ruralketing","robots":{"index":"index","follow":"follow","max-snippet":"max-snippet:-1","max-image-preview":"max-image-preview:large","max-video-preview":"max-video-preview:-1"},"canonical":"https:\/\/ruralketing.com\/val\/compra-asistente-digital\/","og_locale":"ca_ES","og_type":"article","og_title":"compra asistente digital - Ruralketing","og_description":"\u00a1Felicidades! \u00a1Acabas de dar un paso enorme hacia el futuro (que, por cierto, ya es m\u00e1s presente que otra cosa): la inteligencia artificial! Ahora lo importante es que le saques todo el jugo y aproveches tu nuevo asistente de IA. \u00a0 Te dejamos por aqu\u00ed una gu\u00eda para que puedas empezar sin l\u00edos y descubrir [&hellip;]","og_url":"https:\/\/ruralketing.com\/val\/compra-asistente-digital\/","og_site_name":"Ruralketing","article_publisher":"https:\/\/www.facebook.com\/ruralketing","article_modified_time":"2025-08-08T13:39:10+00:00","twitter_card":"summary_large_image","twitter_misc":{"Temps estimat de lectura":"1 minut"},"schema":{"@context":"https:\/\/schema.org","@graph":[{"@type":"WebPage","@id":"https:\/\/ruralketing.com\/compra-asistente-digital\/","url":"https:\/\/ruralketing.com\/compra-asistente-digital\/","name":"compra asistente digital - Ruralketing","isPartOf":{"@id":"https:\/\/ruralketing.com\/#website"},"primaryImageOfPage":{"@id":"https:\/\/ruralketing.com\/compra-asistente-digital\/#primaryimage"},"image":{"@id":"https:\/\/ruralketing.com\/compra-asistente-digital\/#primaryimage"},"thumbnailUrl":"https:\/\/ruralketing.com\/wp-content\/uploads\/2025\/08\/Group-17.svg","datePublished":"2025-08-08T11:53:37+00:00","dateModified":"2025-08-08T13:39:10+00:00","breadcrumb":{"@id":"https:\/\/ruralketing.com\/compra-asistente-digital\/#breadcrumb"},"inLanguage":"ca","potentialAction":[{"@type":"ReadAction","target":["https:\/\/ruralketing.com\/compra-asistente-digital\/"]}]},{"@type":"ImageObject","inLanguage":"ca","@id":"https:\/\/ruralketing.com\/compra-asistente-digital\/#primaryimage","url":"https:\/\/ruralketing.com\/wp-content\/uploads\/2025\/08\/Group-17.svg","contentUrl":"https:\/\/ruralketing.com\/wp-content\/uploads\/2025\/08\/Group-17.svg"},{"@type":"BreadcrumbList","@id":"https:\/\/ruralketing.com\/compra-asistente-digital\/#breadcrumb","itemListElement":[{"@type":"ListItem","position":1,"name":"Portada","item":"https:\/\/ruralketing.com\/"},{"@type":"ListItem","position":2,"name":"compra asistente digital"}]},{"@type":"WebSite","@id":"https:\/\/ruralketing.com\/#website","url":"https:\/\/ruralketing.com\/","name":"Ruralketing","description":"","publisher":{"@id":"https:\/\/ruralketing.com\/#organization"},"potentialAction":[{"@type":"SearchAction","target":{"@type":"EntryPoint","urlTemplate":"https:\/\/ruralketing.com\/?s={search_term_string}"},"query-input":{"@type":"PropertyValueSpecification","valueRequired":true,"valueName":"search_term_string"}}],"inLanguage":"ca"},{"@type":"Organization","@id":"https:\/\/ruralketing.com\/#organization","name":"Ruralketing","url":"https:\/\/ruralketing.com\/","logo":{"@type":"ImageObject","inLanguage":"ca","@id":"https:\/\/ruralketing.com\/#\/schema\/logo\/image\/","url":"https:\/\/ruralketing.com\/wp-content\/uploads\/2023\/09\/cropped-logo-ruralketing.png","contentUrl":"https:\/\/ruralketing.com\/wp-content\/uploads\/2023\/09\/cropped-logo-ruralketing.png","width":407,"height":76,"caption":"Ruralketing"},"image":{"@id":"https:\/\/ruralketing.com\/#\/schema\/logo\/image\/"},"sameAs":["https:\/\/www.facebook.com\/ruralketing","https:\/\/www.instagram.com\/ruralketing_oficial"]}]}},"_links":{"self":[{"href":"https:\/\/ruralketing.com\/val\/wp-json\/wp\/v2\/pages\/2273","targetHints":{"allow":["GET"]}}],"collection":[{"href":"https:\/\/ruralketing.com\/val\/wp-json\/wp\/v2\/pages"}],"about":[{"href":"https:\/\/ruralketing.com\/val\/wp-json\/wp\/v2\/types\/page"}],"author":[{"embeddable":true,"href":"https:\/\/ruralketing.com\/val\/wp-json\/wp\/v2\/users\/3"}],"replies":[{"embeddable":true,"href":"https:\/\/ruralketing.com\/val\/wp-json\/wp\/v2\/comments?post=2273"}],"version-history":[{"count":17,"href":"https:\/\/ruralketing.com\/val\/wp-json\/wp\/v2\/pages\/2273\/revisions"}],"predecessor-version":[{"id":2331,"href":"https:\/\/ruralketing.com\/val\/wp-json\/wp\/v2\/pages\/2273\/revisions\/2331"}],"wp:attachment":[{"href":"https:\/\/ruralketing.com\/val\/wp-json\/wp\/v2\/media?parent=2273"}],"curies":[{"name":"wp","href":"https:\/\/api.w.org\/{rel}","templated":true}]}}