{"id":1015,"date":"2024-02-19T07:38:19","date_gmt":"2024-02-19T07:38:19","guid":{"rendered":"https:\/\/ruralketing.com\/?page_id=1015"},"modified":"2024-09-11T07:25:32","modified_gmt":"2024-09-11T07:25:32","slug":"politica-de-cookies","status":"publish","type":"page","link":"https:\/\/ruralketing.com\/val\/politica-de-cookies\/","title":{"rendered":"Pol\u00edtica de galetes"},"content":{"rendered":"<div data-elementor-type=\"wp-page\" data-elementor-id=\"1015\" class=\"elementor elementor-1015\" data-elementor-settings=\"{&quot;ha_cmc_init_switcher&quot;:&quot;no&quot;}\" data-elementor-post-type=\"page\">\n\t\t\t\t<div class=\"elementor-element elementor-element-05ab11e e-flex e-con-boxed e-con e-parent\" data-id=\"05ab11e\" data-element_type=\"container\" data-e-type=\"container\" data-settings=\"{&quot;_ha_eqh_enable&quot;:false}\">\n\t\t\t\t\t<div class=\"e-con-inner\">\n\t\t\t\t<div class=\"elementor-element elementor-element-beafc6f elementor-widget elementor-widget-text-editor\" data-id=\"beafc6f\" data-element_type=\"widget\" data-e-type=\"widget\" data-widget_type=\"text-editor.default\">\n\t\t\t\t<div class=\"elementor-widget-container\">\n\t\t\t\t\t\t\t\t\t<p><strong>Pol\u00edtica de galetes<\/strong><\/p><p>A DAVID SEGURA ESCUDERO utilitzem les cookies o altres arxius de funcionalitat similar (d'ara endavant, \u201ccookies\u201d) que emmagatzemen i recuperen informaci\u00f3 quan navegues. En general, aquestes tecnologies poden servir per a finalitats molt diverses, com ara recon\u00e8ixer-te com a usuari, obtenir informaci\u00f3 sobre els teus h\u00e0bits de navegaci\u00f3, o personalitzar la manera com es mostra el contingut.<\/p><p>L'objectiu d'aquesta pol\u00edtica \u00e9s informar-vos de manera clara i detallada de qu\u00e8 \u00e9s una galeta, quina \u00e9s la seva finalitat, quin tipus de cookies utilitzem i com configurar-les o si escau deshabilitar-les.<\/p><p><strong>Qu\u00e8 s\u00f3n les galetes?<\/strong><\/p><p>Una galeta \u00e9s un petit arxiu de text que s'emmagatzema al vostre navegador quan visita la nostra p\u00e0gina web i que guarda informaci\u00f3 sobre la navegaci\u00f3 que realitza per fer m\u00e9s eficient l'experi\u00e8ncia d'usuari. Algunes galetes resulten essencials per al bon funcionament de les p\u00e0gines web, com \u00e9s el cas de les galetes t\u00e8cniques o de personalitzaci\u00f3 de la interf\u00edcie d'usuari, encara que altres, com les galetes d'an\u00e0lisi o les de publicitat comportamental, requereixen que us informem i demanar el consentiment sobre el seu \u00fas.<\/p><p><strong>A continuaci\u00f3, i amb l'objectiu que pugui prestar un consentiment plenament informat, us detallem la informaci\u00f3 de en qu\u00e8 consisteix i quina \u00e9s la finalitat de cada tipus de galeta:<\/strong><\/p><p>Las cookies t\u00e9cnicas: son aquellas que, permiten al usuario la navegaci\u00f3n a trav\u00e9s de una p\u00e1gina web, plataforma o aplicaci\u00f3n y la utilizaci\u00f3n de las diferentes opciones o servicios que en ella existan, incluyendo la gesti\u00f3n y operativa de la p\u00e1gina web y habilitar sus funciones y servicios, como, por ejemplo, identificar la sesi\u00f3n, acceder a partes de acceso restringido, recordar los elementos que integran un pedido, realizar el proceso de compra de un pedido, gestionar el pago, \u2026 La p\u00e1gina web no puede funcionar adecuadamente sin estas cookies por lo que se consideran necesarias.<\/p><p>Les galetes de prefer\u00e8ncies o personalitzaci\u00f3: permeten a la p\u00e0gina web recordar informaci\u00f3 que canvia la manera com la p\u00e0gina es comporta o l'aspecte que t\u00e9 de manera que l'usuari accedeixi al servei amb determinades caracter\u00edstiques que poden diferenciar la seva experi\u00e8ncia de la d'altres usuaris , com ara l'idioma, el nombre de resultats a mostrar quan l'usuari realitza una cerca o la regi\u00f3 on l'usuari es troba. Si \u00e9s el mateix usuari qui escull aquestes caracter\u00edstiques, per exemple, marcant la bandera de l'idioma, es considera un servei expressament sol\u00b7licitat sempre que les galetes obeeixin exclusivament a la finalitat seleccionada de personalitzaci\u00f3.<\/p><p>Les galetes d'an\u00e0lisi o mesura: s\u00f3n aquelles que, tractades per nosaltres o per tercers, ens permeten quantificar el nombre d'usuaris i aix\u00ed fer el mesurament i l'an\u00e0lisi estad\u00edstica de la utilitzaci\u00f3 que fan els usuaris del servei ofert. Per aix\u00f2 s'analitza la vostra navegaci\u00f3 a la nostra p\u00e0gina web per tal de millorar l'oferta de productes o serveis que us oferim.<\/p><p>Les galetes de m\u00e0rqueting o publicitat comportamental: emmagatzemen informaci\u00f3 del comportament dels usuaris obtinguda a trav\u00e9s de l'observaci\u00f3 continuada dels seus h\u00e0bits de navegaci\u00f3, cosa que permet desenvolupar un perfil espec\u00edfic per mostrar anuncis rellevants i atractius per a l'usuari individual i, per tant , m\u00e9s valuosos per als tercers anunciants.<\/p><p>Per qu\u00e8 utilitza les cookies aquesta p\u00e0gina web i quines s\u00f3n?<\/p><p>El detall de les cookies utilitzades en aquesta p\u00e0gina web \u00e9s el seg\u00fcent:<\/p><p>Exemple:<\/p><ul><li>Elementor. \u00das: fem servir element per a creaci\u00f3 de contingut \/ Funci\u00f3: Desar accions fetes per usuaris al lloc web. Tipus: Estad\u00edstica an\u00f2nimes<\/li><li>WordPress. \u00das: Fem servir wordpress per a desenvolupament de llocs web \/ Funci\u00f3: guardar detalls del navegador \/ Tipus: funcional.<\/li><li>Google Fonts. \u00das: Fem servir Goolge Fonts per mostrar fonts web \/ Funci\u00f3: Sol\u00b7licitar adre\u00e7a IP de l'usuari \/ Tipus: Tercers<\/li><li>Calendly. \u00das: creaci\u00f3 de contingut \/ Funci\u00f3: desar les prefer\u00e8ncies dels usuaris \/ Tipus: Tercers.<\/li><\/ul><p>Nota: les galetes de tipus \u201cPr\u00f2pies\u201d s\u00f3n utilitzades nom\u00e9s pel propietari d'aquesta web i les galetes \u201cde Tercers\u201d s\u00f3n utilitzades, tamb\u00e9, pel prestador del servei que est\u00e0 detallat al quadre anterior.<\/p><p>Per a les galetes d'an\u00e0lisi i de publicitat necessitem el vostre consentiment que podrem obtenir si premeu el bot\u00f3 \u201cAccepto\u201d al missatge d'informaci\u00f3 que es mostra en accedir a la nostra p\u00e0gina web.<\/p><p>Si desactiveu les cookies, podreu continuar accedint a la web per\u00f2 pot ser que la navegaci\u00f3 per aquesta no sigui \u00f2ptima i algun dels serveis oferts no funcionin correctament.<\/p><p>Si en un futur DAVID SEGURA ESCUDER arrib\u00e9s a utilitzar tipus de cookies diferents de les contemplades en aquesta Pol\u00edtica de Cookies per prestar nous serveis o fos necessari adaptar-la a noves exig\u00e8ncies legislatives, li ho notificarem.<\/p><p>Com puc desactivar o eliminar les galetes?<\/p><p>Tingueu en compte que, si accepteu les galetes de tercers, les heu d'eliminar des de les opcions del navegador o des del sistema ofert pel mateix tercer. Podeu permetre, bloquejar o eliminar les cookies instal\u00b7lades al vostre equip mitjan\u00e7ant la configuraci\u00f3 de les opcions del navegador instal\u00b7lat al vostre ordinador.<\/p><p>Microsoft Internet Explorer: men\u00fa Eines &gt; Opcions d'Internet &gt; Privadesa &gt; Configuraci\u00f3. <br \/>Firefox: men\u00fa Eines &gt; Opcions &gt; Privadesa &gt; Cookies. <br \/>Chrome: men\u00fa Opcions &gt; Opcions avan\u00e7ades &gt; Privadesa. <br \/>Safari: men\u00fa Prefer\u00e8ncies\/Privadesa. <br \/>Safari per a IOS (iPhone i iPad): Opci\u00f3 Ajustaments &gt; Safari <br \/>Chrome per a Android: Configuraci\u00f3 &gt; Configuraci\u00f3 de llocs web &gt; Cookies<br \/>Altres navegadors: consulteu la documentaci\u00f3 del navegador que tingueu instal\u00b7lat. <br \/>Transfer\u00e8ncies de dades a tercers pa\u00efsos<\/p><p>Pots informar-te de les transfer\u00e8ncies a tercers pa\u00efsos que, si escau, realitzen els tercers identificats en aquesta pol\u00edtica de cookies en les seves pol\u00edtiques corresponents (veure els enlla\u00e7os facilitats a l'apartat \u201cCookies de tercers\u201d).<\/p><p>Elaboraci\u00f3 de perfils<\/p><p>No s'elaborar\u00e0 cap tipus de \u201cperfil\u201d sobre la base de la informaci\u00f3 facilitada ni es prendran decisions automatitzades sobre la base de perfils. (Si s'elaborar\u00e0 informaci\u00f3 sobre la base de perfils caldria indicar-ne detalladament l'\u00fas).<\/p><p>Per\u00edode de conservaci\u00f3 de les dades<\/p><p>Les dades obtingudes a trav\u00e9s de les cookies es conservaran per un per\u00edode m\u00e0xim de 24 mesos, despr\u00e9s d'aquest per\u00edode tornarem a demanar-ne el consentiment.<\/p><p>Drets dels interessats<\/p><p>Vost\u00e8 podr\u00e0 obtenir m\u00e9s informaci\u00f3 sobre el tractament de dades de car\u00e0cter personal i de com exercir els seus drets consultat la nostra pol\u00edtica de privadesa.<\/p><p>AV\u00cdS: El responsable haur\u00e0 d'emplenar la taula a dalt inclosa indicant, per a totes i cadascuna de les cookies que utilitza a la seva web, les dades relatives a cadascun dels camps consignats.<\/p><p>AV\u00cdS: El grau de granularitat al panell a l'hora de mostrar la selecci\u00f3 de cookies ho haur\u00e0 de valorar l'editor del lloc web. Si b\u00e9 \u00e9s aconsellable que es tinguin en compte les regles seg\u00fcents:<\/p><p>Com a m\u00ednim, s'haurien d'agrupar les galetes per la seva finalitat<br \/>En relaci\u00f3 amb les galetes de tercers n'hi ha prou amb identificar-los pel seu nom o per la marca amb qu\u00e8 s'identifiquen de cara al p\u00fablic, sense incloure-hi la denominaci\u00f3 social completa.<br \/>S'ha d'evitar el grau m\u00e0xim de granularitat (selecci\u00f3 galeta a galeta), ja que l'exc\u00e9s d'informaci\u00f3 dificulta la presa de decisions.<br \/>AV\u00cdS: Es recomana com a millor pr\u00e0ctica la renovaci\u00f3 del consentiment a intervals apropiats. L'Ag\u00e8ncia considera bona pr\u00e0ctica que la validesa del consentiment prestat per un usuari per a l'\u00fas d'una cookie determinada no tingui una durada superior a 24 mesos i que durant aquest temps es conservi la selecci\u00f3 realitzada per l'usuari sobre les seves prefer\u00e8ncies.<\/p>\t\t\t\t\t\t\t\t<\/div>\n\t\t\t\t<\/div>\n\t\t\t\t\t<\/div>\n\t\t\t\t<\/div>\n\t\t\t\t<\/div>","protected":false},"excerpt":{"rendered":"<p>Pol\u00edtica de cookies En DAVID SEGURA ESCUDERO utilizamos las cookies u otros archivos de funcionalidad similar (en adelante, \u201ccookies\u201d) que almacenan y recuperan informaci\u00f3n cuando navegas. En general, estas tecnolog\u00edas pueden servir para finalidades muy diversas, como, por ejemplo, reconocerte como usuario, obtener informaci\u00f3n sobre tus h\u00e1bitos de navegaci\u00f3n, o personalizar la forma en que [&hellip;]<\/p>\n","protected":false},"author":3,"featured_media":0,"parent":0,"menu_order":0,"comment_status":"closed","ping_status":"closed","template":"elementor_header_footer","meta":{"footnotes":""},"class_list":["post-1015","page","type-page","status-publish","hentry"],"aioseo_notices":[],"yoast_head":"<!-- This site is optimized with the Yoast SEO plugin v27.3 - https:\/\/yoast.com\/product\/yoast-seo-wordpress\/ -->\n<title>Pol\u00edtica de cookies - Ruralketing<\/title>\n<meta name=\"robots\" content=\"index, follow, max-snippet:-1, max-image-preview:large, max-video-preview:-1\" \/>\n<link rel=\"canonical\" href=\"https:\/\/ruralketing.com\/val\/politica-de-cookies\/\" \/>\n<meta property=\"og:locale\" content=\"ca_ES\" \/>\n<meta property=\"og:type\" content=\"article\" \/>\n<meta property=\"og:title\" content=\"Pol\u00edtica de cookies - Ruralketing\" \/>\n<meta property=\"og:description\" content=\"Pol\u00edtica de cookies En DAVID SEGURA ESCUDERO utilizamos las cookies u otros archivos de funcionalidad similar (en adelante, \u201ccookies\u201d) que almacenan y recuperan informaci\u00f3n cuando navegas. En general, estas tecnolog\u00edas pueden servir para finalidades muy diversas, como, por ejemplo, reconocerte como usuario, obtener informaci\u00f3n sobre tus h\u00e1bitos de navegaci\u00f3n, o personalizar la forma en que [&hellip;]\" \/>\n<meta property=\"og:url\" content=\"https:\/\/ruralketing.com\/val\/politica-de-cookies\/\" \/>\n<meta property=\"og:site_name\" content=\"Ruralketing\" \/>\n<meta property=\"article:publisher\" content=\"https:\/\/www.facebook.com\/ruralketing\" \/>\n<meta property=\"article:modified_time\" content=\"2024-09-11T07:25:32+00:00\" \/>\n<meta name=\"twitter:card\" content=\"summary_large_image\" \/>\n<meta name=\"twitter:label1\" content=\"Temps estimat de lectura\" \/>\n\t<meta name=\"twitter:data1\" content=\"7 minuts\" \/>\n<script type=\"application\/ld+json\" class=\"yoast-schema-graph\">{\"@context\":\"https:\\\/\\\/schema.org\",\"@graph\":[{\"@type\":\"WebPage\",\"@id\":\"https:\\\/\\\/ruralketing.com\\\/politica-de-cookies\\\/\",\"url\":\"https:\\\/\\\/ruralketing.com\\\/politica-de-cookies\\\/\",\"name\":\"Pol\u00edtica de cookies - Ruralketing\",\"isPartOf\":{\"@id\":\"https:\\\/\\\/ruralketing.com\\\/#website\"},\"datePublished\":\"2024-02-19T07:38:19+00:00\",\"dateModified\":\"2024-09-11T07:25:32+00:00\",\"breadcrumb\":{\"@id\":\"https:\\\/\\\/ruralketing.com\\\/politica-de-cookies\\\/#breadcrumb\"},\"inLanguage\":\"ca\",\"potentialAction\":[{\"@type\":\"ReadAction\",\"target\":[\"https:\\\/\\\/ruralketing.com\\\/politica-de-cookies\\\/\"]}]},{\"@type\":\"BreadcrumbList\",\"@id\":\"https:\\\/\\\/ruralketing.com\\\/politica-de-cookies\\\/#breadcrumb\",\"itemListElement\":[{\"@type\":\"ListItem\",\"position\":1,\"name\":\"Portada\",\"item\":\"https:\\\/\\\/ruralketing.com\\\/\"},{\"@type\":\"ListItem\",\"position\":2,\"name\":\"Pol\u00edtica de cookies\"}]},{\"@type\":\"WebSite\",\"@id\":\"https:\\\/\\\/ruralketing.com\\\/#website\",\"url\":\"https:\\\/\\\/ruralketing.com\\\/\",\"name\":\"Ruralketing\",\"description\":\"\",\"publisher\":{\"@id\":\"https:\\\/\\\/ruralketing.com\\\/#organization\"},\"potentialAction\":[{\"@type\":\"SearchAction\",\"target\":{\"@type\":\"EntryPoint\",\"urlTemplate\":\"https:\\\/\\\/ruralketing.com\\\/?s={search_term_string}\"},\"query-input\":{\"@type\":\"PropertyValueSpecification\",\"valueRequired\":true,\"valueName\":\"search_term_string\"}}],\"inLanguage\":\"ca\"},{\"@type\":\"Organization\",\"@id\":\"https:\\\/\\\/ruralketing.com\\\/#organization\",\"name\":\"Ruralketing\",\"url\":\"https:\\\/\\\/ruralketing.com\\\/\",\"logo\":{\"@type\":\"ImageObject\",\"inLanguage\":\"ca\",\"@id\":\"https:\\\/\\\/ruralketing.com\\\/#\\\/schema\\\/logo\\\/image\\\/\",\"url\":\"https:\\\/\\\/ruralketing.com\\\/wp-content\\\/uploads\\\/2023\\\/09\\\/cropped-logo-ruralketing.png\",\"contentUrl\":\"https:\\\/\\\/ruralketing.com\\\/wp-content\\\/uploads\\\/2023\\\/09\\\/cropped-logo-ruralketing.png\",\"width\":407,\"height\":76,\"caption\":\"Ruralketing\"},\"image\":{\"@id\":\"https:\\\/\\\/ruralketing.com\\\/#\\\/schema\\\/logo\\\/image\\\/\"},\"sameAs\":[\"https:\\\/\\\/www.facebook.com\\\/ruralketing\",\"https:\\\/\\\/www.instagram.com\\\/ruralketing_oficial\"]}]}<\/script>\n<!-- \/ Yoast SEO plugin. -->","yoast_head_json":{"title":"Pol\u00edtica de cookies - Ruralketing","robots":{"index":"index","follow":"follow","max-snippet":"max-snippet:-1","max-image-preview":"max-image-preview:large","max-video-preview":"max-video-preview:-1"},"canonical":"https:\/\/ruralketing.com\/val\/politica-de-cookies\/","og_locale":"ca_ES","og_type":"article","og_title":"Pol\u00edtica de cookies - Ruralketing","og_description":"Pol\u00edtica de cookies En DAVID SEGURA ESCUDERO utilizamos las cookies u otros archivos de funcionalidad similar (en adelante, \u201ccookies\u201d) que almacenan y recuperan informaci\u00f3n cuando navegas. En general, estas tecnolog\u00edas pueden servir para finalidades muy diversas, como, por ejemplo, reconocerte como usuario, obtener informaci\u00f3n sobre tus h\u00e1bitos de navegaci\u00f3n, o personalizar la forma en que [&hellip;]","og_url":"https:\/\/ruralketing.com\/val\/politica-de-cookies\/","og_site_name":"Ruralketing","article_publisher":"https:\/\/www.facebook.com\/ruralketing","article_modified_time":"2024-09-11T07:25:32+00:00","twitter_card":"summary_large_image","twitter_misc":{"Temps estimat de lectura":"7 minuts"},"schema":{"@context":"https:\/\/schema.org","@graph":[{"@type":"WebPage","@id":"https:\/\/ruralketing.com\/politica-de-cookies\/","url":"https:\/\/ruralketing.com\/politica-de-cookies\/","name":"Pol\u00edtica de cookies - Ruralketing","isPartOf":{"@id":"https:\/\/ruralketing.com\/#website"},"datePublished":"2024-02-19T07:38:19+00:00","dateModified":"2024-09-11T07:25:32+00:00","breadcrumb":{"@id":"https:\/\/ruralketing.com\/politica-de-cookies\/#breadcrumb"},"inLanguage":"ca","potentialAction":[{"@type":"ReadAction","target":["https:\/\/ruralketing.com\/politica-de-cookies\/"]}]},{"@type":"BreadcrumbList","@id":"https:\/\/ruralketing.com\/politica-de-cookies\/#breadcrumb","itemListElement":[{"@type":"ListItem","position":1,"name":"Portada","item":"https:\/\/ruralketing.com\/"},{"@type":"ListItem","position":2,"name":"Pol\u00edtica de cookies"}]},{"@type":"WebSite","@id":"https:\/\/ruralketing.com\/#website","url":"https:\/\/ruralketing.com\/","name":"Ruralketing","description":"","publisher":{"@id":"https:\/\/ruralketing.com\/#organization"},"potentialAction":[{"@type":"SearchAction","target":{"@type":"EntryPoint","urlTemplate":"https:\/\/ruralketing.com\/?s={search_term_string}"},"query-input":{"@type":"PropertyValueSpecification","valueRequired":true,"valueName":"search_term_string"}}],"inLanguage":"ca"},{"@type":"Organization","@id":"https:\/\/ruralketing.com\/#organization","name":"Ruralketing","url":"https:\/\/ruralketing.com\/","logo":{"@type":"ImageObject","inLanguage":"ca","@id":"https:\/\/ruralketing.com\/#\/schema\/logo\/image\/","url":"https:\/\/ruralketing.com\/wp-content\/uploads\/2023\/09\/cropped-logo-ruralketing.png","contentUrl":"https:\/\/ruralketing.com\/wp-content\/uploads\/2023\/09\/cropped-logo-ruralketing.png","width":407,"height":76,"caption":"Ruralketing"},"image":{"@id":"https:\/\/ruralketing.com\/#\/schema\/logo\/image\/"},"sameAs":["https:\/\/www.facebook.com\/ruralketing","https:\/\/www.instagram.com\/ruralketing_oficial"]}]}},"_links":{"self":[{"href":"https:\/\/ruralketing.com\/val\/wp-json\/wp\/v2\/pages\/1015","targetHints":{"allow":["GET"]}}],"collection":[{"href":"https:\/\/ruralketing.com\/val\/wp-json\/wp\/v2\/pages"}],"about":[{"href":"https:\/\/ruralketing.com\/val\/wp-json\/wp\/v2\/types\/page"}],"author":[{"embeddable":true,"href":"https:\/\/ruralketing.com\/val\/wp-json\/wp\/v2\/users\/3"}],"replies":[{"embeddable":true,"href":"https:\/\/ruralketing.com\/val\/wp-json\/wp\/v2\/comments?post=1015"}],"version-history":[{"count":19,"href":"https:\/\/ruralketing.com\/val\/wp-json\/wp\/v2\/pages\/1015\/revisions"}],"predecessor-version":[{"id":1121,"href":"https:\/\/ruralketing.com\/val\/wp-json\/wp\/v2\/pages\/1015\/revisions\/1121"}],"wp:attachment":[{"href":"https:\/\/ruralketing.com\/val\/wp-json\/wp\/v2\/media?parent=1015"}],"curies":[{"name":"wp","href":"https:\/\/api.w.org\/{rel}","templated":true}]}}